{"id":486,"date":"2025-03-14T11:11:47","date_gmt":"2025-03-14T11:11:47","guid":{"rendered":"https:\/\/anarosalespsicologia.com\/?page_id=486"},"modified":"2025-03-14T11:14:20","modified_gmt":"2025-03-14T11:14:20","slug":"politica-de-cookies","status":"publish","type":"page","link":"https:\/\/anarosalespsicologia.com\/en\/politica-de-cookies\/","title":{"rendered":"Pol\u00edtica de Cookies"},"content":{"rendered":"<div data-elementor-type=\"wp-page\" data-elementor-id=\"486\" class=\"elementor elementor-486\">\n\t\t\t\t<div class=\"elementor-element elementor-element-ba73a64 e-flex e-con-boxed e-con e-parent\" data-id=\"ba73a64\" data-element_type=\"container\">\n\t\t\t\t\t<div class=\"e-con-inner\">\n\t\t\t\t<div class=\"elementor-element elementor-element-f802add elementor-widget elementor-widget-text-editor\" data-id=\"f802add\" data-element_type=\"widget\" data-widget_type=\"text-editor.default\">\n\t\t\t\t<div class=\"elementor-widget-container\">\n\t\t\t\t\t\t\t\t\t<p><strong>Pol\u00edtica de Cookies<\/strong><\/p><p>Fecha de entrada en vigor: 14-Mar-2025<br \/>\u00daltima actualizaci\u00f3n: 14-Mar-2025<\/p><p><strong>\u00a0\u00bfQu\u00e9 son las cookies?<\/strong> <br \/>Esta Pol\u00edtica de Cookies explica qu\u00e9 son las cookies y c\u00f3mo las utilizamos, los tipos de cookies que empleamos (es decir, la informaci\u00f3n que recopilamos mediante cookies y c\u00f3mo usamos esa informaci\u00f3n), as\u00ed como c\u00f3mo gestionar la configuraci\u00f3n de las cookies.<\/p><p>Las cookies son peque\u00f1os archivos de texto que se utilizan para almacenar peque\u00f1as porciones de informaci\u00f3n. Se guardan en tu dispositivo cuando el sitio web se carga en tu navegador. Estas cookies nos ayudan a hacer que el sitio funcione correctamente, sea m\u00e1s seguro, ofrezca una mejor experiencia de usuario y nos permita comprender c\u00f3mo rinde el sitio web, adem\u00e1s de analizar qu\u00e9 funciona y d\u00f3nde se necesita mejorar.<\/p><p><strong>\u00a0\u00bfC\u00f3mo utilizamos las cookies?<\/strong> <br \/>Como la mayor\u00eda de servicios en l\u00ednea, nuestro sitio web utiliza cookies propias y de terceros para varios prop\u00f3sitos. Las cookies propias suelen ser necesarias para que el sitio funcione de la manera correcta y no recopilan ning\u00fan dato personal identificable tuyo.<\/p><p>Las cookies de terceros que empleamos en nuestro sitio web se usan principalmente para comprender c\u00f3mo funciona el sitio, c\u00f3mo interact\u00faas con \u00e9l, mantener seguros nuestros servicios, mostrarte anuncios relevantes para ti y, en general, brindarte una mejor experiencia de usuario y acelerar tus futuras interacciones con nuestro sitio web.<\/p><p><strong>\u00a0Tipos de Cookies que utilizamos<\/strong> <br \/>\u00a0Gestionar las preferencias de cookies <br \/>Configuraci\u00f3n de Cookies<\/p><p>Puedes cambiar tus preferencias de cookies en cualquier momento haciendo clic en el bot\u00f3n anterior. Esto te permitir\u00e1 volver a ver el banner de consentimiento de cookies y cambiar tus preferencias o retirar tu consentimiento de forma inmediata.<\/p><p>Adem\u00e1s, cada navegador ofrece m\u00e9todos diferentes para bloquear y eliminar las cookies utilizadas por los sitios web. Puedes cambiar la configuraci\u00f3n de tu navegador para bloquear o eliminar las cookies. A continuaci\u00f3n, se muestran los enlaces a la documentaci\u00f3n de soporte sobre c\u00f3mo administrar y eliminar cookies en los navegadores m\u00e1s conocidos:<\/p><p>\u2022 Chrome: https:\/\/support.google.com\/accounts\/answer\/32050 <br \/>\u2022 Safari: https:\/\/support.apple.com\/en-in\/guide\/safari\/sfri11471\/mac <br \/>\u2022 Firefox: https:\/\/support.mozilla.org\/en-US\/kb\/clear-cookies-and-site-data-firefox?redirectslug=delete-cookies-remove-info-websites-stored&amp;redirectlocale=en-US <br \/>\u2022 Internet Explorer: https:\/\/support.microsoft.com\/en-us\/topic\/how-to-delete-cookie-files-in-internet-explorer-bca9446f-d873-78de-77ba-d42645fa52fc<\/p><p>Si utilizas cualquier otro navegador, visita la documentaci\u00f3n oficial de soporte de tu navegador.<\/p><p>\u00a0<strong>Pol\u00edtica de Cookies Generada por CookieYes &#8211; Cookie Policy Generator.<\/strong><\/p>\t\t\t\t\t\t\t\t<\/div>\n\t\t\t\t<\/div>\n\t\t\t\t\t<\/div>\n\t\t\t\t<\/div>\n\t\t\t\t<\/div>","protected":false},"excerpt":{"rendered":"<p>Pol\u00edtica de Cookies Fecha de entrada en vigor: 14-Mar-2025\u00daltima actualizaci\u00f3n: 14-Mar-2025 \u00a0\u00bfQu\u00e9 son las cookies? Esta Pol\u00edtica de Cookies explica qu\u00e9 son las cookies y c\u00f3mo las utilizamos, los tipos de cookies que empleamos (es decir, la informaci\u00f3n que recopilamos mediante cookies y c\u00f3mo usamos esa informaci\u00f3n), as\u00ed como c\u00f3mo gestionar la configuraci\u00f3n de las [&hellip;]<\/p>","protected":false},"author":1,"featured_media":0,"parent":0,"menu_order":0,"comment_status":"closed","ping_status":"closed","template":"","meta":{"_joinchat":[],"footnotes":""},"class_list":["post-486","page","type-page","status-publish","hentry"],"yoast_head":"<!-- This site is optimized with the Yoast SEO plugin v25.0 - https:\/\/yoast.com\/wordpress\/plugins\/seo\/ -->\n<title>Pol\u00edtica de Cookies - Ana Rosales Psicologia<\/title>\n<meta name=\"robots\" content=\"index, follow, max-snippet:-1, max-image-preview:large, max-video-preview:-1\" \/>\n<link rel=\"canonical\" href=\"https:\/\/anarosalespsicologia.com\/en\/politica-de-cookies\/\" \/>\n<meta property=\"og:locale\" content=\"en_GB\" \/>\n<meta property=\"og:type\" content=\"article\" \/>\n<meta property=\"og:title\" content=\"Pol\u00edtica de Cookies - Ana Rosales Psicologia\" \/>\n<meta property=\"og:description\" content=\"Pol\u00edtica de Cookies Fecha de entrada en vigor: 14-Mar-2025\u00daltima actualizaci\u00f3n: 14-Mar-2025 \u00a0\u00bfQu\u00e9 son las cookies? Esta Pol\u00edtica de Cookies explica qu\u00e9 son las cookies y c\u00f3mo las utilizamos, los tipos de cookies que empleamos (es decir, la informaci\u00f3n que recopilamos mediante cookies y c\u00f3mo usamos esa informaci\u00f3n), as\u00ed como c\u00f3mo gestionar la configuraci\u00f3n de las [&hellip;]\" \/>\n<meta property=\"og:url\" content=\"https:\/\/anarosalespsicologia.com\/en\/politica-de-cookies\/\" \/>\n<meta property=\"og:site_name\" content=\"Ana Rosales Psicologia\" \/>\n<meta property=\"article:modified_time\" content=\"2025-03-14T11:14:20+00:00\" \/>\n<meta name=\"twitter:card\" content=\"summary_large_image\" \/>\n<meta name=\"twitter:label1\" content=\"Estimated reading time\" \/>\n\t<meta name=\"twitter:data1\" content=\"2 minutes\" \/>\n<script type=\"application\/ld+json\" class=\"yoast-schema-graph\">{\"@context\":\"https:\/\/schema.org\",\"@graph\":[{\"@type\":\"WebPage\",\"@id\":\"https:\/\/anarosalespsicologia.com\/politica-de-cookies\/\",\"url\":\"https:\/\/anarosalespsicologia.com\/politica-de-cookies\/\",\"name\":\"Pol\u00edtica de Cookies - Ana Rosales Psicologia\",\"isPartOf\":{\"@id\":\"https:\/\/anarosalespsicologia.com\/#website\"},\"datePublished\":\"2025-03-14T11:11:47+00:00\",\"dateModified\":\"2025-03-14T11:14:20+00:00\",\"breadcrumb\":{\"@id\":\"https:\/\/anarosalespsicologia.com\/politica-de-cookies\/#breadcrumb\"},\"inLanguage\":\"en-GB\",\"potentialAction\":[{\"@type\":\"ReadAction\",\"target\":[\"https:\/\/anarosalespsicologia.com\/politica-de-cookies\/\"]}]},{\"@type\":\"BreadcrumbList\",\"@id\":\"https:\/\/anarosalespsicologia.com\/politica-de-cookies\/#breadcrumb\",\"itemListElement\":[{\"@type\":\"ListItem\",\"position\":1,\"name\":\"Portada\",\"item\":\"https:\/\/anarosalespsicologia.com\/\"},{\"@type\":\"ListItem\",\"position\":2,\"name\":\"Pol\u00edtica de Cookies\"}]},{\"@type\":\"WebSite\",\"@id\":\"https:\/\/anarosalespsicologia.com\/#website\",\"url\":\"https:\/\/anarosalespsicologia.com\/\",\"name\":\"Ana Rosales Psicologia\",\"description\":\"\",\"publisher\":{\"@id\":\"https:\/\/anarosalespsicologia.com\/#organization\"},\"potentialAction\":[{\"@type\":\"SearchAction\",\"target\":{\"@type\":\"EntryPoint\",\"urlTemplate\":\"https:\/\/anarosalespsicologia.com\/?s={search_term_string}\"},\"query-input\":{\"@type\":\"PropertyValueSpecification\",\"valueRequired\":true,\"valueName\":\"search_term_string\"}}],\"inLanguage\":\"en-GB\"},{\"@type\":\"Organization\",\"@id\":\"https:\/\/anarosalespsicologia.com\/#organization\",\"name\":\"Ana Rosales Psicologia\",\"url\":\"https:\/\/anarosalespsicologia.com\/\",\"logo\":{\"@type\":\"ImageObject\",\"inLanguage\":\"en-GB\",\"@id\":\"https:\/\/anarosalespsicologia.com\/#\/schema\/logo\/image\/\",\"url\":\"https:\/\/anarosalespsicologia.com\/wp-content\/uploads\/2025\/03\/cropped-logo-ana_Nero_AI_Image_Upscaler_Standard-e1741772494368.jpeg\",\"contentUrl\":\"https:\/\/anarosalespsicologia.com\/wp-content\/uploads\/2025\/03\/cropped-logo-ana_Nero_AI_Image_Upscaler_Standard-e1741772494368.jpeg\",\"width\":836,\"height\":295,\"caption\":\"Ana Rosales Psicologia\"},\"image\":{\"@id\":\"https:\/\/anarosalespsicologia.com\/#\/schema\/logo\/image\/\"}}]}<\/script>\n<!-- \/ Yoast SEO plugin. -->","yoast_head_json":{"title":"Pol\u00edtica de Cookies - Ana Rosales Psicologia","robots":{"index":"index","follow":"follow","max-snippet":"max-snippet:-1","max-image-preview":"max-image-preview:large","max-video-preview":"max-video-preview:-1"},"canonical":"https:\/\/anarosalespsicologia.com\/en\/politica-de-cookies\/","og_locale":"en_GB","og_type":"article","og_title":"Pol\u00edtica de Cookies - Ana Rosales Psicologia","og_description":"Pol\u00edtica de Cookies Fecha de entrada en vigor: 14-Mar-2025\u00daltima actualizaci\u00f3n: 14-Mar-2025 \u00a0\u00bfQu\u00e9 son las cookies? Esta Pol\u00edtica de Cookies explica qu\u00e9 son las cookies y c\u00f3mo las utilizamos, los tipos de cookies que empleamos (es decir, la informaci\u00f3n que recopilamos mediante cookies y c\u00f3mo usamos esa informaci\u00f3n), as\u00ed como c\u00f3mo gestionar la configuraci\u00f3n de las [&hellip;]","og_url":"https:\/\/anarosalespsicologia.com\/en\/politica-de-cookies\/","og_site_name":"Ana Rosales Psicologia","article_modified_time":"2025-03-14T11:14:20+00:00","twitter_card":"summary_large_image","twitter_misc":{"Estimated reading time":"2 minutes"},"schema":{"@context":"https:\/\/schema.org","@graph":[{"@type":"WebPage","@id":"https:\/\/anarosalespsicologia.com\/politica-de-cookies\/","url":"https:\/\/anarosalespsicologia.com\/politica-de-cookies\/","name":"Pol\u00edtica de Cookies - Ana Rosales Psicologia","isPartOf":{"@id":"https:\/\/anarosalespsicologia.com\/#website"},"datePublished":"2025-03-14T11:11:47+00:00","dateModified":"2025-03-14T11:14:20+00:00","breadcrumb":{"@id":"https:\/\/anarosalespsicologia.com\/politica-de-cookies\/#breadcrumb"},"inLanguage":"en-GB","potentialAction":[{"@type":"ReadAction","target":["https:\/\/anarosalespsicologia.com\/politica-de-cookies\/"]}]},{"@type":"BreadcrumbList","@id":"https:\/\/anarosalespsicologia.com\/politica-de-cookies\/#breadcrumb","itemListElement":[{"@type":"ListItem","position":1,"name":"Portada","item":"https:\/\/anarosalespsicologia.com\/"},{"@type":"ListItem","position":2,"name":"Pol\u00edtica de Cookies"}]},{"@type":"WebSite","@id":"https:\/\/anarosalespsicologia.com\/#website","url":"https:\/\/anarosalespsicologia.com\/","name":"Ana Rosales Psicologia","description":"","publisher":{"@id":"https:\/\/anarosalespsicologia.com\/#organization"},"potentialAction":[{"@type":"SearchAction","target":{"@type":"EntryPoint","urlTemplate":"https:\/\/anarosalespsicologia.com\/?s={search_term_string}"},"query-input":{"@type":"PropertyValueSpecification","valueRequired":true,"valueName":"search_term_string"}}],"inLanguage":"en-GB"},{"@type":"Organization","@id":"https:\/\/anarosalespsicologia.com\/#organization","name":"Ana Rosales Psicologia","url":"https:\/\/anarosalespsicologia.com\/","logo":{"@type":"ImageObject","inLanguage":"en-GB","@id":"https:\/\/anarosalespsicologia.com\/#\/schema\/logo\/image\/","url":"https:\/\/anarosalespsicologia.com\/wp-content\/uploads\/2025\/03\/cropped-logo-ana_Nero_AI_Image_Upscaler_Standard-e1741772494368.jpeg","contentUrl":"https:\/\/anarosalespsicologia.com\/wp-content\/uploads\/2025\/03\/cropped-logo-ana_Nero_AI_Image_Upscaler_Standard-e1741772494368.jpeg","width":836,"height":295,"caption":"Ana Rosales Psicologia"},"image":{"@id":"https:\/\/anarosalespsicologia.com\/#\/schema\/logo\/image\/"}}]}},"_links":{"self":[{"href":"https:\/\/anarosalespsicologia.com\/en\/wp-json\/wp\/v2\/pages\/486","targetHints":{"allow":["GET"]}}],"collection":[{"href":"https:\/\/anarosalespsicologia.com\/en\/wp-json\/wp\/v2\/pages"}],"about":[{"href":"https:\/\/anarosalespsicologia.com\/en\/wp-json\/wp\/v2\/types\/page"}],"author":[{"embeddable":true,"href":"https:\/\/anarosalespsicologia.com\/en\/wp-json\/wp\/v2\/users\/1"}],"replies":[{"embeddable":true,"href":"https:\/\/anarosalespsicologia.com\/en\/wp-json\/wp\/v2\/comments?post=486"}],"version-history":[{"count":4,"href":"https:\/\/anarosalespsicologia.com\/en\/wp-json\/wp\/v2\/pages\/486\/revisions"}],"predecessor-version":[{"id":490,"href":"https:\/\/anarosalespsicologia.com\/en\/wp-json\/wp\/v2\/pages\/486\/revisions\/490"}],"wp:attachment":[{"href":"https:\/\/anarosalespsicologia.com\/en\/wp-json\/wp\/v2\/media?parent=486"}],"curies":[{"name":"wp","href":"https:\/\/api.w.org\/{rel}","templated":true}]}}